{"id":3155,"date":"2021-11-15T09:27:02","date_gmt":"2021-11-15T08:27:02","guid":{"rendered":"https:\/\/chanandental.ch\/?page_id=3155"},"modified":"2021-12-02T17:25:54","modified_gmt":"2021-12-02T16:25:54","slug":"restaurations-fixes","status":"publish","type":"page","link":"https:\/\/chanandental.ch\/en\/restaurations-fixes\/","title":{"rendered":"Fixed restorations"},"content":{"rendered":"<div class=\"wp-block-columns is-layout-flex wp-container-core-columns-is-layout-9d6595d7 wp-block-columns-is-layout-flex\">\n<div class=\"wp-block-column is-layout-flow wp-block-column-is-layout-flow\" style=\"flex-basis:50%\">\n<figure class=\"wp-block-image size-large\"><img loading=\"lazy\" decoding=\"async\" width=\"1024\" height=\"683\" src=\"https:\/\/chanandental.ch\/wp-content\/uploads\/2021\/11\/lesly-juarez-1AhGNGKuhR0-unsplash-1-1024x683.jpg\" alt=\"\" class=\"wp-image-3159\" srcset=\"https:\/\/chanandental.ch\/wp-content\/uploads\/2021\/11\/lesly-juarez-1AhGNGKuhR0-unsplash-1-1024x683.jpg 1024w, https:\/\/chanandental.ch\/wp-content\/uploads\/2021\/11\/lesly-juarez-1AhGNGKuhR0-unsplash-1-300x200.jpg 300w, https:\/\/chanandental.ch\/wp-content\/uploads\/2021\/11\/lesly-juarez-1AhGNGKuhR0-unsplash-1-768x512.jpg 768w, https:\/\/chanandental.ch\/wp-content\/uploads\/2021\/11\/lesly-juarez-1AhGNGKuhR0-unsplash-1-1536x1024.jpg 1536w, https:\/\/chanandental.ch\/wp-content\/uploads\/2021\/11\/lesly-juarez-1AhGNGKuhR0-unsplash-1-2048x1365.jpg 2048w, https:\/\/chanandental.ch\/wp-content\/uploads\/2021\/11\/lesly-juarez-1AhGNGKuhR0-unsplash-1-16x12.jpg 16w, https:\/\/chanandental.ch\/wp-content\/uploads\/2021\/11\/lesly-juarez-1AhGNGKuhR0-unsplash-1-600x400.jpg 600w\" sizes=\"auto, (max-width: 1024px) 100vw, 1024px\" \/><\/figure>\n<\/div>\n\n\n\n<div class=\"wp-block-column is-layout-flow wp-block-column-is-layout-flow\" style=\"flex-basis:50%\">\n<h3 class=\"wp-block-heading\">Couronnes<\/h3>\n\n\n\n<p>Les couronnes sont de fausses dents en c\u00e9ramique r\u00e9alis\u00e9es par le technicien suite \u00e0 une grosse carie ou un accident qui aurait d\u00e9truit presque totalement la dent.<\/p>\n\n\n\n<p>Ce soin se fait sur plusieurs rendez-vous.<\/p>\n\n\n\n<h3 class=\"wp-block-heading\">Onlay<\/h3>\n\n\n\n<p>L&#8217;onlay est comme une couronne mais incompl\u00e8te, il ne recouvre pas totalement la dent. C&#8217;est un traitement qui est plus conservateur qu&#8217;une couronne et peut se r\u00e9aliser uniquement si la dent n&#8217;est pas trop d\u00e9truite. Comme pour la couronne, c&#8217;est un soin qui n\u00e9cessite une empreinte et donc plusieurs rendez-vous.<\/p>\n\n\n\n<p>G\u00e9n\u00e9ralement, le mat\u00e9riau utilis\u00e9 est aussi la c\u00e9ramique.<\/p>\n\n\n\n<h3 class=\"wp-block-heading\">Facettes<\/h3>\n\n\n\n<p>Les facettes sont de fines coquilles en c\u00e9ramique qui viennent se poser sur la face visible de la dent afin d&#8217;am\u00e9liorer l&#8217;esth\u00e9tique d&#8217;une ou plusieurs dents. La dent originale est taill\u00e9e \u00e0 minima afin d&#8217;en conserver le maximum. Comme pour l&#8217;onlay et les couronnes, les facettes n\u00e9cessitent plusieurs rendez-vous de par la n\u00e9cessit\u00e9 d&#8217;effectuer une empreinte et du travail laboratoire.<\/p>\n<\/div>\n<\/div>","protected":false},"excerpt":{"rendered":"<p>Couronnes Les couronnes sont de fausses dents en c\u00e9ramique r\u00e9alis\u00e9es par le technicien suite \u00e0 une grosse carie ou un accident qui aurait [&hellip;]<\/p>\n","protected":false},"author":1,"featured_media":0,"parent":0,"menu_order":0,"comment_status":"closed","ping_status":"closed","template":"","meta":{"footnotes":""},"class_list":["post-3155","page","type-page","status-publish","hentry"],"_links":{"self":[{"href":"https:\/\/chanandental.ch\/en\/wp-json\/wp\/v2\/pages\/3155","targetHints":{"allow":["GET"]}}],"collection":[{"href":"https:\/\/chanandental.ch\/en\/wp-json\/wp\/v2\/pages"}],"about":[{"href":"https:\/\/chanandental.ch\/en\/wp-json\/wp\/v2\/types\/page"}],"author":[{"embeddable":true,"href":"https:\/\/chanandental.ch\/en\/wp-json\/wp\/v2\/users\/1"}],"replies":[{"embeddable":true,"href":"https:\/\/chanandental.ch\/en\/wp-json\/wp\/v2\/comments?post=3155"}],"version-history":[{"count":5,"href":"https:\/\/chanandental.ch\/en\/wp-json\/wp\/v2\/pages\/3155\/revisions"}],"predecessor-version":[{"id":3172,"href":"https:\/\/chanandental.ch\/en\/wp-json\/wp\/v2\/pages\/3155\/revisions\/3172"}],"wp:attachment":[{"href":"https:\/\/chanandental.ch\/en\/wp-json\/wp\/v2\/media?parent=3155"}],"curies":[{"name":"wp","href":"https:\/\/api.w.org\/{rel}","templated":true}]}}