{"id":3149,"date":"2021-11-15T09:06:37","date_gmt":"2021-11-15T08:06:37","guid":{"rendered":"https:\/\/chanandental.ch\/?page_id=3149"},"modified":"2021-12-02T17:30:03","modified_gmt":"2021-12-02T16:30:03","slug":"traitement-de-racine-traitement-endodontique","status":"publish","type":"page","link":"https:\/\/chanandental.ch\/en\/traitement-de-racine-traitement-endodontique\/","title":{"rendered":"Traitement de racine &#8211; Traitement endodontique"},"content":{"rendered":"<div class=\"wp-block-columns is-layout-flex wp-container-core-columns-is-layout-9d6595d7 wp-block-columns-is-layout-flex\">\n<div class=\"wp-block-column is-layout-flow wp-block-column-is-layout-flow\" style=\"flex-basis:50%\">\n<figure class=\"wp-block-image size-large\"><img loading=\"lazy\" decoding=\"async\" width=\"1024\" height=\"684\" src=\"https:\/\/chanandental.ch\/wp-content\/uploads\/2019\/06\/jon-tyson-265734-unsplash-1-1024x684.jpg\" alt=\"\" class=\"wp-image-3053\" srcset=\"https:\/\/chanandental.ch\/wp-content\/uploads\/2019\/06\/jon-tyson-265734-unsplash-1-1024x684.jpg 1024w, https:\/\/chanandental.ch\/wp-content\/uploads\/2019\/06\/jon-tyson-265734-unsplash-1-600x401.jpg 600w, https:\/\/chanandental.ch\/wp-content\/uploads\/2019\/06\/jon-tyson-265734-unsplash-1-300x200.jpg 300w, https:\/\/chanandental.ch\/wp-content\/uploads\/2019\/06\/jon-tyson-265734-unsplash-1-768x513.jpg 768w\" sizes=\"auto, (max-width: 1024px) 100vw, 1024px\" \/><\/figure>\n<\/div>\n\n\n\n<div class=\"wp-block-column is-layout-flow wp-block-column-is-layout-flow\" style=\"flex-basis:50%\">\n<p>Le traitement de racine est le soin du nerf de la dent. Il doit \u00eatre r\u00e9alis\u00e9 lorsqu&#8217;une carie est trop profonde, qu&#8217;elle engendre des douleurs ou non, et que la dent est en train de s&#8217;infecter.\u00a0<\/p>\n\n\n\n<p>Les soins se d\u00e9roulent sous anesth\u00e9sie locale et sont absolument indolores. Il faudra deux rendez-vous pour finir le traitement de racine. En effet, il n\u00e9cessite une premi\u00e8re s\u00e9ance de d\u00e9sinfection du nerf, puis une deuxi\u00e8me pour boucher les racines afin que les bact\u00e9ries ne reviennent pas \u00e0 l&#8217;int\u00e9rieur de la dent.<\/p>\n\n\n\n<p>Le traitement de racine est un traitement qui fragilise tout de m\u00eame la dent et en n\u00e9cessite une restauration  par une <a href=\"https:\/\/chanandental.ch\/en\/restaurations-fixes\/\" data-type=\"page\" data-id=\"3155\">couronne<\/a> ou par un <a href=\"https:\/\/chanandental.ch\/en\/restaurations-fixes\/\" data-type=\"page\" data-id=\"3155\">onlay<\/a> afin d&#8217;avoir une r\u00e9partition des forces masticatoires qui soient homog\u00e8nes sur l&#8217;enti\u00e8ret\u00e9 de votre dent, \u00e9vitant ainsi une fracture qui conduirait \u00e0 sa perte.<\/p>\n<\/div>\n<\/div>","protected":false},"excerpt":{"rendered":"<p>Le traitement de racine est le soin du nerf de la dent. Il doit \u00eatre r\u00e9alis\u00e9 lorsqu&#8217;une carie est trop profonde, qu&#8217;elle engendre [&hellip;]<\/p>\n","protected":false},"author":1,"featured_media":0,"parent":0,"menu_order":0,"comment_status":"closed","ping_status":"closed","template":"","meta":{"footnotes":""},"class_list":["post-3149","page","type-page","status-publish","hentry"],"_links":{"self":[{"href":"https:\/\/chanandental.ch\/en\/wp-json\/wp\/v2\/pages\/3149","targetHints":{"allow":["GET"]}}],"collection":[{"href":"https:\/\/chanandental.ch\/en\/wp-json\/wp\/v2\/pages"}],"about":[{"href":"https:\/\/chanandental.ch\/en\/wp-json\/wp\/v2\/types\/page"}],"author":[{"embeddable":true,"href":"https:\/\/chanandental.ch\/en\/wp-json\/wp\/v2\/users\/1"}],"replies":[{"embeddable":true,"href":"https:\/\/chanandental.ch\/en\/wp-json\/wp\/v2\/comments?post=3149"}],"version-history":[{"count":3,"href":"https:\/\/chanandental.ch\/en\/wp-json\/wp\/v2\/pages\/3149\/revisions"}],"predecessor-version":[{"id":3174,"href":"https:\/\/chanandental.ch\/en\/wp-json\/wp\/v2\/pages\/3149\/revisions\/3174"}],"wp:attachment":[{"href":"https:\/\/chanandental.ch\/en\/wp-json\/wp\/v2\/media?parent=3149"}],"curies":[{"name":"wp","href":"https:\/\/api.w.org\/{rel}","templated":true}]}}