{"id":3141,"date":"2021-11-15T08:59:25","date_gmt":"2021-11-15T07:59:25","guid":{"rendered":"https:\/\/chanandental.ch\/?page_id=3141"},"modified":"2021-12-02T17:54:36","modified_gmt":"2021-12-02T16:54:36","slug":"le-blanchiment","status":"publish","type":"page","link":"https:\/\/chanandental.ch\/en\/le-blanchiment\/","title":{"rendered":"Le blanchiment"},"content":{"rendered":"<div class=\"wp-block-columns is-layout-flex wp-container-core-columns-is-layout-9d6595d7 wp-block-columns-is-layout-flex\">\n<div class=\"wp-block-column is-layout-flow wp-block-column-is-layout-flow\" style=\"flex-basis:50%\">\n<figure class=\"wp-block-image size-large\"><img loading=\"lazy\" decoding=\"async\" width=\"2560\" height=\"1600\" src=\"https:\/\/chanandental.ch\/wp-content\/uploads\/2021\/11\/street-og-DDO0Cv4U9Gs-unsplash-edited-scaled.jpg\" alt=\"\" class=\"wp-image-3144\" srcset=\"https:\/\/chanandental.ch\/wp-content\/uploads\/2021\/11\/street-og-DDO0Cv4U9Gs-unsplash-edited-scaled.jpg 2560w, https:\/\/chanandental.ch\/wp-content\/uploads\/2021\/11\/street-og-DDO0Cv4U9Gs-unsplash-edited-300x188.jpg 300w, https:\/\/chanandental.ch\/wp-content\/uploads\/2021\/11\/street-og-DDO0Cv4U9Gs-unsplash-edited-1024x640.jpg 1024w, https:\/\/chanandental.ch\/wp-content\/uploads\/2021\/11\/street-og-DDO0Cv4U9Gs-unsplash-edited-768x480.jpg 768w, https:\/\/chanandental.ch\/wp-content\/uploads\/2021\/11\/street-og-DDO0Cv4U9Gs-unsplash-edited-1536x960.jpg 1536w, https:\/\/chanandental.ch\/wp-content\/uploads\/2021\/11\/street-og-DDO0Cv4U9Gs-unsplash-edited-2048x1280.jpg 2048w, https:\/\/chanandental.ch\/wp-content\/uploads\/2021\/11\/street-og-DDO0Cv4U9Gs-unsplash-edited-16x10.jpg 16w, https:\/\/chanandental.ch\/wp-content\/uploads\/2021\/11\/street-og-DDO0Cv4U9Gs-unsplash-edited-600x375.jpg 600w\" sizes=\"auto, (max-width: 2560px) 100vw, 2560px\" \/><\/figure>\n<\/div>\n\n\n\n<div class=\"wp-block-column is-layout-flow wp-block-column-is-layout-flow\" style=\"flex-basis:50%\">\n<p>La teinte-couleur de nos dents est d\u00e9termin\u00e9e par la dentine. C\u2019est la couche qui se trouve en-dessous de l\u2019\u00e9mail.<br>La couleur de la dentine varie d\u2019une personne \u00e0 l\u2019autre. C\u2019est pour cela qu\u2019entre les personnes, il y a diff\u00e9rentes teintes de dents, plus ou moins blanches.<br>La dentine est compos\u00e9e de milliers de petits tubulis,similaires \u00e0 des pores, qui communiquent directement avec le nerf situ\u00e9 au centre de la dent.<\/p>\n\n\n\n<p>Le blanchiment dentaire est r\u00e9alis\u00e9 gr\u00e2ce \u00e0 un produit chimique, le peroxyde d\u2019hydrog\u00e8ne. Ce dernier va traverser l\u2019\u00e9mail et la dentine avec pour action l\u2019ouverture des tubulis dentinaires et ainsi blanchir la dent.<\/p>\n\n\n\n<p><strong>Des sensibilit\u00e9s ?<\/strong><br>Il est vrai que les blanchiments dentaires engendrent souvent des sensibilit\u00e9s.<br>C\u2019est pour cela que nous vous recommandons de faire un contr\u00f4le au pr\u00e9alable ce qui nous permettra de vous donner des conseils afin de limiter cet inconfort.<\/p>\n<\/div>\n<\/div>\n\n\n\n<p><\/p>","protected":false},"excerpt":{"rendered":"<p>La teinte-couleur de nos dents est d\u00e9termin\u00e9e par la dentine. C\u2019est la couche qui se trouve en-dessous de l\u2019\u00e9mail.La couleur de la dentine [&hellip;]<\/p>\n","protected":false},"author":1,"featured_media":0,"parent":0,"menu_order":0,"comment_status":"closed","ping_status":"closed","template":"","meta":{"footnotes":""},"class_list":["post-3141","page","type-page","status-publish","hentry"],"_links":{"self":[{"href":"https:\/\/chanandental.ch\/en\/wp-json\/wp\/v2\/pages\/3141","targetHints":{"allow":["GET"]}}],"collection":[{"href":"https:\/\/chanandental.ch\/en\/wp-json\/wp\/v2\/pages"}],"about":[{"href":"https:\/\/chanandental.ch\/en\/wp-json\/wp\/v2\/types\/page"}],"author":[{"embeddable":true,"href":"https:\/\/chanandental.ch\/en\/wp-json\/wp\/v2\/users\/1"}],"replies":[{"embeddable":true,"href":"https:\/\/chanandental.ch\/en\/wp-json\/wp\/v2\/comments?post=3141"}],"version-history":[{"count":7,"href":"https:\/\/chanandental.ch\/en\/wp-json\/wp\/v2\/pages\/3141\/revisions"}],"predecessor-version":[{"id":3177,"href":"https:\/\/chanandental.ch\/en\/wp-json\/wp\/v2\/pages\/3141\/revisions\/3177"}],"wp:attachment":[{"href":"https:\/\/chanandental.ch\/en\/wp-json\/wp\/v2\/media?parent=3141"}],"curies":[{"name":"wp","href":"https:\/\/api.w.org\/{rel}","templated":true}]}}