{"id":2957,"date":"2019-01-04T14:57:56","date_gmt":"2019-01-04T13:57:56","guid":{"rendered":"https:\/\/chanandental.ch\/?page_id=2957"},"modified":"2025-11-02T18:16:18","modified_gmt":"2025-11-02T17:16:18","slug":"equipe","status":"publish","type":"page","link":"https:\/\/chanandental.ch\/en\/equipe\/","title":{"rendered":"Our Team"},"content":{"rendered":"<div class=\"vc_row wpb_row vc_row-fluid vc_custom_1496318332726\"><div class=\"wpb_column vc_column_container vc_col-sm-3\"><div class=\"vc_column-inner\"><div class=\"wpb_wrapper\"><div class=\"team-member design02 design-two kd-animated fadeInUp\" >\r\n                    <div class=\"team-content\">\r\n                        <div class=\"team-image-overlay\"><\/div>\r\n                        <div class=\"team-image\"><img loading=\"lazy\" decoding=\"async\" width=\"1783\" height=\"2193\" src=\"https:\/\/chanandental.ch\/wp-content\/uploads\/2022\/06\/DSC03213-2.png\" class=\"attachment-full\" alt=\"\" title=\"DSC03213\" srcset=\"https:\/\/chanandental.ch\/wp-content\/uploads\/2022\/06\/DSC03213-2.png 1783w, https:\/\/chanandental.ch\/wp-content\/uploads\/2022\/06\/DSC03213-2-244x300.png 244w, https:\/\/chanandental.ch\/wp-content\/uploads\/2022\/06\/DSC03213-2-833x1024.png 833w, https:\/\/chanandental.ch\/wp-content\/uploads\/2022\/06\/DSC03213-2-768x945.png 768w, https:\/\/chanandental.ch\/wp-content\/uploads\/2022\/06\/DSC03213-2-1249x1536.png 1249w, https:\/\/chanandental.ch\/wp-content\/uploads\/2022\/06\/DSC03213-2-1665x2048.png 1665w, https:\/\/chanandental.ch\/wp-content\/uploads\/2022\/06\/DSC03213-2-10x12.png 10w\" sizes=\"auto, (max-width: 1783px) 100vw, 1783px\" \/><\/div>\r\n                        <div class=\"team-content-text\" >\r\n                        <div class=\"team-content-text-inner\">\r\n                        <h5 >Dr. Rabih CHANAN<\/h5>\r\n                        <span class=\"team-subtitle\" >Dentist SSO-AMDG<\/span>\r\n                        <p >\u25b8 License in dental practice at the University of Geneva in 1985.<br \/>\n\u25b8 Federal diploma of dentistry at the University of Geneva in 1986.<br \/>\n\u25b8 Dental Assistant at UNIGE from 1985 to 1989 in the department of traditional dentistry.<br \/>\n\u25b8 Dental assistant at UNIGE from 1985 to 1987 in the department of oral surgery.<br \/>\n\u25b8 Doctorate in dentistry at UNIGE in 1988.<\/p>\n<p>\u25cf Conservative treatments for adults and children<br \/>\n\u25cf Endodontics (root treatments)<br \/>\n\u25cf Implants<br \/>\n\u25cf Aesthetics<br \/>\n\u25cf Whitening<br \/>\n\u25cf Soft laser<br \/>\n\u25cf Prosthetic rehabilitation<br \/>\n\u25cf Wisdom teeth<br \/>\n\u25cf Gum care<\/p>\n<p>Workdays: Monday to Thursday<\/p>\r\n                        <\/div><div class=\"team-socials\"><\/div>\r\n                        <div class=\"team-contact\"><\/div>\r\n                    <\/div>\r\n                    <\/div>\r\n                <\/div><\/div><\/div><\/div><div class=\"wpb_column vc_column_container vc_col-sm-3\"><div class=\"vc_column-inner\"><div class=\"wpb_wrapper\"><div class=\"team-member design02 design-two kd-animated fadeInUp\" data-animation-delay=\"200\">\r\n                    <div class=\"team-content\">\r\n                        <div class=\"team-image-overlay\"><\/div>\r\n                        <div class=\"team-image\"><img loading=\"lazy\" decoding=\"async\" width=\"1783\" height=\"2189\" src=\"https:\/\/chanandental.ch\/wp-content\/uploads\/2024\/09\/TC_Thumb.jpg\" class=\"attachment-full\" alt=\"Dr. Tamara Chanan\" title=\"TC_Thumb\" srcset=\"https:\/\/chanandental.ch\/wp-content\/uploads\/2024\/09\/TC_Thumb.jpg 1783w, https:\/\/chanandental.ch\/wp-content\/uploads\/2024\/09\/TC_Thumb-244x300.jpg 244w, https:\/\/chanandental.ch\/wp-content\/uploads\/2024\/09\/TC_Thumb-834x1024.jpg 834w, https:\/\/chanandental.ch\/wp-content\/uploads\/2024\/09\/TC_Thumb-768x943.jpg 768w, https:\/\/chanandental.ch\/wp-content\/uploads\/2024\/09\/TC_Thumb-1251x1536.jpg 1251w, https:\/\/chanandental.ch\/wp-content\/uploads\/2024\/09\/TC_Thumb-1668x2048.jpg 1668w, https:\/\/chanandental.ch\/wp-content\/uploads\/2024\/09\/TC_Thumb-10x12.jpg 10w\" sizes=\"auto, (max-width: 1783px) 100vw, 1783px\" \/><\/div>\r\n                        <div class=\"team-content-text\" >\r\n                        <div class=\"team-content-text-inner\">\r\n                        <h5 >Dr. Tamara CHANAN<\/h5>\r\n                        <span class=\"team-subtitle\" >Dentist<\/span>\r\n                        <p >\u25b8 Federal diploma of dentistry at the University of Geneva in 2018.<br \/>\nDental Assistant at UNIGE in 2019 in the department of endodontics and cariology<\/p>\n<p>\u25cf Conservative treatments for adults and children<br \/>\n\u25cf Endodontics (root treatments)<br \/>\n\u25cf Implants<br \/>\n\u25cf Aesthetics<br \/>\n\u25cf Whitening<br \/>\n\u25cf Soft laser<br \/>\n\u25cf Prosthetic rehabilitation<br \/>\n\u25cf Wisdom teeth<br \/>\n\u25cf Gum care<\/p>\n<p>Workdays: Monday to Friday<\/p>\r\n                        <\/div><div class=\"team-socials\"><\/div>\r\n                        <div class=\"team-contact\"><\/div>\r\n                    <\/div>\r\n                    <\/div>\r\n                <\/div><\/div><\/div><\/div><div class=\"wpb_column vc_column_container vc_col-sm-3\"><div class=\"vc_column-inner\"><div class=\"wpb_wrapper\"><div class=\"team-member design02 design-two kd-animated fadeInUp\" >\r\n                    <div class=\"team-content\">\r\n                        <div class=\"team-image-overlay\"><\/div>\r\n                        <div class=\"team-image\"><img loading=\"lazy\" decoding=\"async\" width=\"1783\" height=\"2189\" src=\"https:\/\/chanandental.ch\/wp-content\/uploads\/2022\/06\/DSC03260.png\" class=\"attachment-full\" alt=\"\" title=\"DSC03260\" srcset=\"https:\/\/chanandental.ch\/wp-content\/uploads\/2022\/06\/DSC03260.png 1783w, https:\/\/chanandental.ch\/wp-content\/uploads\/2022\/06\/DSC03260-244x300.png 244w, https:\/\/chanandental.ch\/wp-content\/uploads\/2022\/06\/DSC03260-834x1024.png 834w, https:\/\/chanandental.ch\/wp-content\/uploads\/2022\/06\/DSC03260-768x943.png 768w, https:\/\/chanandental.ch\/wp-content\/uploads\/2022\/06\/DSC03260-1251x1536.png 1251w, https:\/\/chanandental.ch\/wp-content\/uploads\/2022\/06\/DSC03260-1668x2048.png 1668w, https:\/\/chanandental.ch\/wp-content\/uploads\/2022\/06\/DSC03260-10x12.png 10w\" sizes=\"auto, (max-width: 1783px) 100vw, 1783px\" \/><\/div>\r\n                        <div class=\"team-content-text\" >\r\n                        <div class=\"team-content-text-inner\">\r\n                        <h5 >Anne CHANAN<\/h5>\r\n                        <span class=\"team-subtitle\" >Dental Hygienist<\/span>\r\n                        <p >\u25b8 Diploma at the Dental Hygienist School of Geneva in 1988.<\/p>\n<p>\u25cf Prevention<br \/>\n\u25cf Dental check-ups<br \/>\n\u25cf X-ray<br \/>\n\u25cf Teeth cleaning<br \/>\n\u25cf Gum care<br \/>\n\u25cf Soft laser<\/p>\n<p>Workdays: Tuesday and Wednesday<\/p>\r\n                        <\/div><div class=\"team-socials\"><\/div>\r\n                        <div class=\"team-contact\"><\/div>\r\n                    <\/div>\r\n                    <\/div>\r\n                <\/div><\/div><\/div><\/div><div class=\"wpb_column vc_column_container vc_col-sm-3\"><div class=\"vc_column-inner\"><div class=\"wpb_wrapper\"><div class=\"team-member design02 design-two kd-animated fadeInUp\" data-animation-delay=\"200\">\r\n                    <div class=\"team-content\">\r\n                        <div class=\"team-image-overlay\"><\/div>\r\n                        <div class=\"team-image\"><img loading=\"lazy\" decoding=\"async\" width=\"1783\" height=\"2189\" src=\"https:\/\/chanandental.ch\/wp-content\/uploads\/2018\/12\/FA_Thumb.jpg\" class=\"attachment-full\" alt=\"\" title=\"FA_Thumb\" srcset=\"https:\/\/chanandental.ch\/wp-content\/uploads\/2018\/12\/FA_Thumb.jpg 1783w, https:\/\/chanandental.ch\/wp-content\/uploads\/2018\/12\/FA_Thumb-600x737.jpg 600w, https:\/\/chanandental.ch\/wp-content\/uploads\/2018\/12\/FA_Thumb-244x300.jpg 244w, https:\/\/chanandental.ch\/wp-content\/uploads\/2018\/12\/FA_Thumb-768x943.jpg 768w, https:\/\/chanandental.ch\/wp-content\/uploads\/2018\/12\/FA_Thumb-834x1024.jpg 834w, https:\/\/chanandental.ch\/wp-content\/uploads\/2018\/12\/FA_Thumb-1080x1326.jpg 1080w\" sizes=\"auto, (max-width: 1783px) 100vw, 1783px\" \/><\/div>\r\n                        <div class=\"team-content-text\" >\r\n                        <div class=\"team-content-text-inner\">\r\n                        <h5 >Florence ARTER<\/h5>\r\n                        <span class=\"team-subtitle\" >Dental Hygienist<\/span>\r\n                        <p >\u25b8 Diploma at the Dental Hygienist School of Geneva in 1993.<\/p>\n<p>\u25cf Prevention<br \/>\n\u25cf Dental check-ups<br \/>\n\u25cf X-ray<br \/>\n\u25cf Teeth cleaning<br \/>\n\u25cf Gum care<br \/>\n\u25cf Soft laser<\/p>\n<p>Workdays: Monday, every last Wednesday of the month, Thursday, and every other Friday<\/p>\r\n                        <\/div><div class=\"team-socials\"><\/div>\r\n                        <div class=\"team-contact\"><\/div>\r\n                    <\/div>\r\n                    <\/div>\r\n                <\/div><\/div><\/div><\/div><\/div><div class=\"vc_row wpb_row vc_row-fluid vc_custom_1545413606017\"><div class=\"wpb_column vc_column_container vc_col-sm-3\"><div class=\"vc_column-inner\"><div class=\"wpb_wrapper\"><div class=\"team-member design02 design-two kd-animated fadeInUp\" >\r\n                    <div class=\"team-content\">\r\n                        <div class=\"team-image-overlay\"><\/div>\r\n                        <div class=\"team-image\"><img loading=\"lazy\" decoding=\"async\" width=\"1783\" height=\"2189\" src=\"https:\/\/chanandental.ch\/wp-content\/uploads\/2018\/12\/AN_Thumb.jpg\" class=\"attachment-full\" alt=\"\" title=\"AN_Thumb\" srcset=\"https:\/\/chanandental.ch\/wp-content\/uploads\/2018\/12\/AN_Thumb.jpg 1783w, https:\/\/chanandental.ch\/wp-content\/uploads\/2018\/12\/AN_Thumb-600x737.jpg 600w, https:\/\/chanandental.ch\/wp-content\/uploads\/2018\/12\/AN_Thumb-244x300.jpg 244w, https:\/\/chanandental.ch\/wp-content\/uploads\/2018\/12\/AN_Thumb-768x943.jpg 768w, https:\/\/chanandental.ch\/wp-content\/uploads\/2018\/12\/AN_Thumb-834x1024.jpg 834w, https:\/\/chanandental.ch\/wp-content\/uploads\/2018\/12\/AN_Thumb-1080x1326.jpg 1080w\" sizes=\"auto, (max-width: 1783px) 100vw, 1783px\" \/><\/div>\r\n                        <div class=\"team-content-text\" >\r\n                        <div class=\"team-content-text-inner\">\r\n                        <h5 >Antonietta NEGRO<\/h5>\r\n                        <span class=\"team-subtitle\" >Dental Assistant<\/span>\r\n                        <p >\u25cf Reception<br \/>\n\u25cf Appointments<br \/>\n\u25cf Dental assistant<\/p>\r\n                        <\/div><div class=\"team-socials\"><\/div>\r\n                        <div class=\"team-contact\"><\/div>\r\n                    <\/div>\r\n                    <\/div>\r\n                <\/div><\/div><\/div><\/div><div class=\"wpb_column vc_column_container vc_col-sm-3\"><div class=\"vc_column-inner\"><div class=\"wpb_wrapper\"><div class=\"team-member design02 design-two kd-animated fadeInUp\" data-animation-delay=\"200\">\r\n                    <div class=\"team-content\">\r\n                        <div class=\"team-image-overlay\"><\/div>\r\n                        <div class=\"team-image\"><img loading=\"lazy\" decoding=\"async\" width=\"1783\" height=\"2189\" src=\"https:\/\/chanandental.ch\/wp-content\/uploads\/2018\/12\/CR_Thumb.jpg\" class=\"attachment-full\" alt=\"\" title=\"CR_Thumb\" srcset=\"https:\/\/chanandental.ch\/wp-content\/uploads\/2018\/12\/CR_Thumb.jpg 1783w, https:\/\/chanandental.ch\/wp-content\/uploads\/2018\/12\/CR_Thumb-600x737.jpg 600w, https:\/\/chanandental.ch\/wp-content\/uploads\/2018\/12\/CR_Thumb-244x300.jpg 244w, https:\/\/chanandental.ch\/wp-content\/uploads\/2018\/12\/CR_Thumb-768x943.jpg 768w, https:\/\/chanandental.ch\/wp-content\/uploads\/2018\/12\/CR_Thumb-834x1024.jpg 834w, https:\/\/chanandental.ch\/wp-content\/uploads\/2018\/12\/CR_Thumb-1080x1326.jpg 1080w\" sizes=\"auto, (max-width: 1783px) 100vw, 1783px\" \/><\/div>\r\n                        <div class=\"team-content-text\" >\r\n                        <div class=\"team-content-text-inner\">\r\n                        <h5 >Corinne REYNAUD<\/h5>\r\n                        <span class=\"team-subtitle\" >Dental Assistant<\/span>\r\n                        <p >\u25cf Reception<br \/>\n\u25cf Appointments<br \/>\n\u25cf Dental assistant<\/p>\r\n                        <\/div><div class=\"team-socials\"><\/div>\r\n                        <div class=\"team-contact\"><\/div>\r\n                    <\/div>\r\n                    <\/div>\r\n                <\/div><\/div><\/div><\/div><div class=\"wpb_column vc_column_container vc_col-sm-3\"><div class=\"vc_column-inner\"><div class=\"wpb_wrapper\"><div class=\"team-member design02 design-two kd-animated fadeInUp\" data-animation-delay=\"200\">\r\n                    <div class=\"team-content\">\r\n                        <div class=\"team-image-overlay\"><\/div>\r\n                        <div class=\"team-image\"><img loading=\"lazy\" decoding=\"async\" width=\"1783\" height=\"2189\" src=\"https:\/\/chanandental.ch\/wp-content\/uploads\/2022\/09\/CR_Thumb.jpg\" class=\"attachment-full\" alt=\"\" title=\"CR_Thumb\" srcset=\"https:\/\/chanandental.ch\/wp-content\/uploads\/2022\/09\/CR_Thumb.jpg 1783w, https:\/\/chanandental.ch\/wp-content\/uploads\/2022\/09\/CR_Thumb-244x300.jpg 244w, https:\/\/chanandental.ch\/wp-content\/uploads\/2022\/09\/CR_Thumb-834x1024.jpg 834w, https:\/\/chanandental.ch\/wp-content\/uploads\/2022\/09\/CR_Thumb-768x943.jpg 768w, https:\/\/chanandental.ch\/wp-content\/uploads\/2022\/09\/CR_Thumb-1251x1536.jpg 1251w, https:\/\/chanandental.ch\/wp-content\/uploads\/2022\/09\/CR_Thumb-1668x2048.jpg 1668w, https:\/\/chanandental.ch\/wp-content\/uploads\/2022\/09\/CR_Thumb-10x12.jpg 10w\" sizes=\"auto, (max-width: 1783px) 100vw, 1783px\" \/><\/div>\r\n                        <div class=\"team-content-text\" >\r\n                        <div class=\"team-content-text-inner\">\r\n                        <h5 >Luisa DUC<\/h5>\r\n                        <span class=\"team-subtitle\" >Dental Assistant<\/span>\r\n                        <p >\u25cf Reception<br \/>\n\u25cf Appointments<br \/>\n\u25cf Dental assistant<\/p>\r\n                        <\/div><div class=\"team-socials\"><\/div>\r\n                        <div class=\"team-contact\"><\/div>\r\n                    <\/div>\r\n                    <\/div>\r\n                <\/div><\/div><\/div><\/div><div class=\"wpb_column vc_column_container vc_col-sm-3\"><div class=\"vc_column-inner\"><div class=\"wpb_wrapper\"><\/div><\/div><\/div><\/div><div class=\"vc_row wpb_row vc_row-fluid vc_custom_1546611159461\"><div class=\"wpb_column vc_column_container vc_col-sm-6\"><div class=\"vc_column-inner\"><div class=\"wpb_wrapper\"><\/div><\/div><\/div><div class=\"wpb_column vc_column_container vc_col-sm-6\"><div class=\"vc_column-inner\"><div class=\"wpb_wrapper\"><\/div><\/div><\/div><\/div><div class=\"vc_row wpb_row vc_row-fluid\"><div class=\"wpb_column vc_column_container vc_col-sm-12\"><div class=\"vc_column-inner\"><div class=\"wpb_wrapper\"><div class=\"kd-calltoaction no_icon\" style=\"background-color: #ffffff;\">\n                <div class=\"container\"><div class=\"cta-text\">\n                        <h3 >Make an appointment<\/h3>\n                        <p >We are at your service for all your dental needs.<\/p>\n                    <\/div>\n                    <div class=\"cta-btncontainer\">\n                        <a href=\"https:\/\/chanandental.ch\/en\/contact-us\/\"  title=\"\" class=\"tt_button kd-animated zoomIn\" data-animation-delay=\"200\">Contact Us<\/a>\n                    <\/div>\n                <\/div>\n            <\/div><\/div><\/div><\/div><\/div>","protected":false},"excerpt":{"rendered":"Dr. Rabih CHANAN M\u00e9decin-dentiste SSO-AMDG \u25b8 License en m\u00e9decine dentaire \u00e0 l'Universit\u00e9 de Gen\u00e8ve en 1985. \u25b8 Dipl\u00f4me f\u00e9d\u00e9ral de m\u00e9decin-dentiste \u00e0 l'Universit\u00e9 [...]","protected":false},"author":1,"featured_media":0,"parent":0,"menu_order":30,"comment_status":"closed","ping_status":"closed","template":"","meta":{"footnotes":""},"class_list":["post-2957","page","type-page","status-publish","hentry"],"_links":{"self":[{"href":"https:\/\/chanandental.ch\/en\/wp-json\/wp\/v2\/pages\/2957","targetHints":{"allow":["GET"]}}],"collection":[{"href":"https:\/\/chanandental.ch\/en\/wp-json\/wp\/v2\/pages"}],"about":[{"href":"https:\/\/chanandental.ch\/en\/wp-json\/wp\/v2\/types\/page"}],"author":[{"embeddable":true,"href":"https:\/\/chanandental.ch\/en\/wp-json\/wp\/v2\/users\/1"}],"replies":[{"embeddable":true,"href":"https:\/\/chanandental.ch\/en\/wp-json\/wp\/v2\/comments?post=2957"}],"version-history":[{"count":20,"href":"https:\/\/chanandental.ch\/en\/wp-json\/wp\/v2\/pages\/2957\/revisions"}],"predecessor-version":[{"id":4928,"href":"https:\/\/chanandental.ch\/en\/wp-json\/wp\/v2\/pages\/2957\/revisions\/4928"}],"wp:attachment":[{"href":"https:\/\/chanandental.ch\/en\/wp-json\/wp\/v2\/media?parent=2957"}],"curies":[{"name":"wp","href":"https:\/\/api.w.org\/{rel}","templated":true}]}}