{"id":2488,"date":"2017-06-24T11:59:55","date_gmt":"2017-06-24T11:59:55","guid":{"rendered":"http:\/\/keydesign-themes.com\/etalon\/construction\/?page_id=2481"},"modified":"2025-11-02T18:32:41","modified_gmt":"2025-11-02T17:32:41","slug":"contact-us","status":"publish","type":"page","link":"https:\/\/chanandental.ch\/en\/contact-us\/","title":{"rendered":"Contact us"},"content":{"rendered":"<div class=\"vc_row wpb_row vc_row-fluid container vc_custom_1498484470696 vc_row-has-fill\"><div class=\"wpb_column vc_column_container vc_col-sm-6\"><div class=\"vc_column-inner vc_custom_1498484091839\"><div class=\"wpb_wrapper\"><h2 style=\"font-size: 24px;line-height: 1;text-align: left\" class=\"vc_custom_heading section-heading vc_custom_1545410665713\" >Nos coordonn\u00e9es<\/h2><div class=\"vc_row wpb_row vc_inner vc_row-fluid vc_custom_1498484977578\"><div class=\"wpb_column vc_column_container vc_col-sm-6 vc_col-lg-6 vc_col-md-12 vc_col-xs-12\"><div class=\"vc_column-inner vc_custom_1499421817237\"><div class=\"wpb_wrapper\"><div class=\"key-icon-box icon-default icon-left cont-left  \" style=\"background-color: ;\" ><div class=\"ib-wrapper\"><i class=\"iconsmind-Phone-3 fa\" style=\" \"><\/i> <h4 class=\"service-heading\" >T\u00e9l\u00e9phone<\/h4><p ><a href=\"tel:+41223496644\">+41 22 349 66 44<\/a><\/p><\/div><\/div><\/div><\/div><\/div><div class=\"wpb_column vc_column_container vc_col-sm-6 vc_col-lg-6 vc_col-md-12 vc_col-xs-12\"><div class=\"vc_column-inner vc_custom_1499421833011\"><div class=\"wpb_wrapper\"><\/div><\/div><\/div><\/div><div class=\"vc_row wpb_row vc_inner vc_row-fluid vc_custom_1498484977578\"><div class=\"wpb_column vc_column_container vc_col-sm-12\"><div class=\"vc_column-inner vc_custom_1498485327683\"><div class=\"wpb_wrapper\"><div class=\"key-icon-box icon-default icon-left cont-left  \" style=\"background-color: ;\" ><div class=\"ib-wrapper\"><i class=\"iconsmind-Envelope fa\" style=\" \"><\/i> <h4 class=\"service-heading\" >E-mail<\/h4><p ><a href=\"mailto:hello@chanandental.ch\">hello@chanandental.ch<\/a><\/p><\/div><\/div><\/div><\/div><\/div><\/div><div class=\"vc_row wpb_row vc_inner vc_row-fluid vc_custom_1498484977578\"><div class=\"wpb_column vc_column_container vc_col-sm-12\"><div class=\"vc_column-inner vc_custom_1498485333427\"><div class=\"wpb_wrapper\"><div class=\"key-icon-box icon-default icon-left cont-left  \" style=\"background-color: ;\" ><div class=\"ib-wrapper\"><i class=\"iconsmind-Map-Marker2 fa\" style=\" \"><\/i> <h4 class=\"service-heading\" >Adresse<\/h4><p >8, Avenue Adrien-Jeandin<br \/>\n1226 Th\u00f4nex<\/p><\/div><\/div><\/div><\/div><\/div><\/div><div class=\"vc_row wpb_row vc_inner vc_row-fluid vc_custom_1498484977578\"><div class=\"wpb_column vc_column_container vc_col-sm-12\"><div class=\"vc_column-inner vc_custom_1498485333427\"><div class=\"wpb_wrapper\"><div class=\"key-icon-box icon-default icon-left cont-left  \" style=\"background-color: ;\" ><div class=\"ib-wrapper\"><i class=\"iconsmind-Bus fa\" style=\" \"><\/i> <h4 class=\"service-heading\" >Transports en commun<\/h4><p >Arr\u00eat <strong>Th\u00f4nex, Graveson<\/strong><br \/>\nTrams <strong><span style=\"color: black; background-color: #f2a83b;\">12<\/span><\/strong> et <strong><span style=\"color: black; background-color: #63b2e0;\">17<\/span><\/strong>, Bus <strong><span style=\"color: black; background-color: #81c6ba;\">32<\/span><\/strong><\/p><\/div><\/div><div class=\"key-icon-box icon-default icon-left cont-left  \" style=\"background-color: ;\" ><div class=\"ib-wrapper\"><i class=\"iconsmind-Car-3 fa\" style=\" \"><\/i> <h4 class=\"service-heading\" >Parking<\/h4><p >Un parking comportant des places bleues est \u00e0 votre disposition en bas de l&#8217;immeuble.<\/p><\/div><\/div><\/div><\/div><\/div><\/div><\/div><\/div><\/div><div class=\"wpb_column vc_column_container vc_col-sm-6\"><div class=\"vc_column-inner vc_custom_1498484096064\"><div class=\"wpb_wrapper\"><h2 style=\"font-size: 24px;line-height: 1;text-align: left\" class=\"vc_custom_heading section-heading vc_custom_1545410633750\" >Envoyez-nous un message<\/h2><p style=\"font-size: 16px;line-height: 1.6;text-align: left\" class=\"vc_custom_heading vc_custom_1545410671831\" >Nous r\u00e9pondrons \u00e0 toutes vos questions ou demande de rendez-vous dans les plus brefs d\u00e9lais.<\/p><div class=\"kd-contact-form light_background\">\n<div class=\"wpcf7 no-js\" id=\"wpcf7-f60-o1\" lang=\"en-US\" dir=\"ltr\" data-wpcf7-id=\"60\">\n<div class=\"screen-reader-response\"><p role=\"status\" aria-live=\"polite\" aria-atomic=\"true\"><\/p> <ul><\/ul><\/div>\n<form action=\"\/en\/wp-json\/wp\/v2\/pages\/2488#wpcf7-f60-o1\" method=\"post\" class=\"wpcf7-form init\" aria-label=\"Contact form\" novalidate=\"novalidate\" data-status=\"init\">\n<fieldset class=\"hidden-fields-container\"><input type=\"hidden\" name=\"_wpcf7\" value=\"60\" \/><input type=\"hidden\" name=\"_wpcf7_version\" value=\"6.1.5\" \/><input type=\"hidden\" name=\"_wpcf7_locale\" value=\"en_US\" \/><input type=\"hidden\" name=\"_wpcf7_unit_tag\" value=\"wpcf7-f60-o1\" \/><input type=\"hidden\" name=\"_wpcf7_container_post\" value=\"0\" \/><input type=\"hidden\" name=\"_wpcf7_posted_data_hash\" value=\"\" \/><input type=\"hidden\" name=\"_wpcf7_recaptcha_response\" value=\"\" \/>\n<\/fieldset>\n<p><span class=\"wpcf7-form-control-wrap\" data-name=\"Name\"><input size=\"40\" maxlength=\"400\" class=\"wpcf7-form-control wpcf7-text wpcf7-validates-as-required\" aria-required=\"true\" aria-invalid=\"false\" placeholder=\"Nom\" value=\"\" type=\"text\" name=\"Name\" \/><\/span><br \/>\n<span class=\"wpcf7-form-control-wrap\" data-name=\"Email\"><input size=\"40\" maxlength=\"400\" class=\"wpcf7-form-control wpcf7-email wpcf7-validates-as-required wpcf7-text wpcf7-validates-as-email\" aria-required=\"true\" aria-invalid=\"false\" placeholder=\"Email\" value=\"\" type=\"email\" name=\"Email\" \/><\/span><br \/>\n<span class=\"wpcf7-form-control-wrap\" data-name=\"Phone\"><input size=\"40\" maxlength=\"400\" class=\"wpcf7-form-control wpcf7-text wpcf7-validates-as-required\" aria-required=\"true\" aria-invalid=\"false\" placeholder=\"T\u00e9l\u00e9phone\" value=\"\" type=\"text\" name=\"Phone\" \/><\/span><br \/>\n<span class=\"wpcf7-form-control-wrap\" data-name=\"Message\"><textarea cols=\"40\" rows=\"10\" maxlength=\"2000\" class=\"wpcf7-form-control wpcf7-textarea wpcf7-validates-as-required\" aria-required=\"true\" aria-invalid=\"false\" placeholder=\"Message\" name=\"Message\"><\/textarea><\/span>\n<\/p>\n<p><input class=\"wpcf7-form-control wpcf7-submit has-spinner\" type=\"submit\" value=\"Envoyer\" \/>\n<\/p><div class=\"wpcf7-response-output\" aria-hidden=\"true\"><\/div>\n<\/form>\n<\/div>\n<\/div><\/div><\/div><\/div><\/div><div class=\"vc_row wpb_row vc_row-fluid\"><div class=\"wpb_column vc_column_container vc_col-sm-12\"><div class=\"vc_column-inner\"><div class=\"wpb_wrapper\"><script>\r\n\r\n                    function initKdMap_kd6a046ce578fc8() {\r\n                      var map_kd6a046ce578fc8;\r\n                      var gmap_location_kd6a046ce578fc8 = new google.maps.LatLng(46.19201459251264, 6.201276955308469);\r\n                      var GMAP_MODULE_kd6a046ce578fc8 = \"customMap\";\r\n                      var featureOpts = [\r\n                          {\r\n                            stylers: [\r\n                            { \"visibility\": \"on\" },\r\n                            { \"weight\": 1 },\r\n                            { \"saturation\": -100 },\r\n                            { \"lightness\": 2.2 },\r\n                            { \"gamma\": 2.2 }\r\n                            ]\r\n                          }, {\r\n                              featureType: \"poi\",\r\n                              stylers: [\r\n                                { \"visibility\": \"off\" }\r\n                              ]\r\n                            }\r\n                        ];\r\n                      var mapOptions = {\r\n                        zoom: 15,\r\n                        center: gmap_location_kd6a046ce578fc8,\r\n                        scrollwheel: false,\r\n                        mapTypeControlOptions: {\r\n                          mapTypeIds: [google.maps.MapTypeId.ROADMAP, GMAP_MODULE_kd6a046ce578fc8]\r\n                        },\r\n                        mapTypeId: GMAP_MODULE_kd6a046ce578fc8\r\n                      };\r\n                      map_kd6a046ce578fc8 = new google.maps.Map(document.getElementById(\"kd6a046ce578fc8\"), mapOptions);\r\n                      marker_kd6a046ce578fc8 = new google.maps.Marker({\r\n                        map: map_kd6a046ce578fc8,\r\n                        url: \"https:\/\/www.google.com\/maps\/@46.19201459251264,6.201276955308469,15z\",\r\n                        draggable: false,\r\n                        animation: google.maps.Animation.DROP,\r\n                        position: gmap_location_kd6a046ce578fc8,\r\n                        icon: \"https:\/\/chanandental.ch\/wp-content\/uploads\/2017\/05\/map-marker.png\"\r\n                        });\r\n                      google.maps.event.addListener(marker_kd6a046ce578fc8, \"click\", function() {\r\n                        window.open(marker_kd6a046ce578fc8.url);\r\n                      });\r\n                      var styledMapOptions = {\r\n                        name: \"Cabinet\"\r\n                      };\r\n                      var customMapType_kd6a046ce578fc8 = new google.maps.StyledMapType(featureOpts, styledMapOptions);\r\n                      map_kd6a046ce578fc8.mapTypes.set(GMAP_MODULE_kd6a046ce578fc8, customMapType_kd6a046ce578fc8);\r\n                      }\r\n                      jQuery(window).on(\"load\", function() {\r\n                        initKdMap_kd6a046ce578fc8();\r\n                      });\r\n                  <\/script><div class=\"contact-map-container left_info_panel\" style=\"height: 500px;\"><div class=\"business-info-wrapper\">\r\n                        <div class=\"business-info-header\"><h4>CONTACT<\/h4><address><span class=\"business-address-row\"><i class=\"fa iconsmind-Map-Marker2\"><\/i><span class=\"address-overflow\">8 avenue Adrien-Jeandin<br \/>\n1226 Th\u00f4nex<\/span><\/span><span class=\"business-phone-row\"><i class=\"fa iconsmind-Telephone\"><\/i><a href=\"tel:+41 (0) 22 349 66 44\">+41 (0) 22 349 66 44<\/a><\/span><span class=\"business-email-row\"><i class=\"fa iconsmind-Mail\"><\/i><a href=\"mailto:hello@chanandental.ch\">hello@chanandental.ch<\/a><\/span><\/address>\r\n                        <\/div>\r\n                        <div class=\"business-info-schedule\">\r\n                            <h4>Horaires d'ouverture<\/h4><div class=\"business-info-day\"><span class=\"business-info-day-name\">Lundi-Vendredi<\/span><span class=\"business-info-day-hours\">08:00 - 16:00<\/span><\/div><div class=\"business-info-day\"><span class=\"business-info-day-name\">Samedi-Dimanche<\/span><span class=\"business-info-day-hours\">Ferm\u00e9<\/span><\/div><\/div>\r\n                    <\/div><div id=\"kd6a046ce578fc8\" class=\"kd_map\" style=\"height: 500px;\"><\/div>\r\n\r\n            <\/div><\/div><\/div><\/div><\/div>\n","protected":false},"excerpt":{"rendered":"Nos coordonn\u00e9es T\u00e9l\u00e9phone+41 22 349 66 44 E-mailhello@chanandental.ch Adresse8, Avenue Adrien-Jeandin 1226 Th\u00f4nex Transports en communArr\u00eat Th\u00f4nex, Graveson Trams 12 et 17, Bus [...]","protected":false},"author":2,"featured_media":0,"parent":0,"menu_order":0,"comment_status":"closed","ping_status":"closed","template":"","meta":{"footnotes":""},"class_list":["post-2488","page","type-page","status-publish","hentry"],"_links":{"self":[{"href":"https:\/\/chanandental.ch\/en\/wp-json\/wp\/v2\/pages\/2488","targetHints":{"allow":["GET"]}}],"collection":[{"href":"https:\/\/chanandental.ch\/en\/wp-json\/wp\/v2\/pages"}],"about":[{"href":"https:\/\/chanandental.ch\/en\/wp-json\/wp\/v2\/types\/page"}],"author":[{"embeddable":true,"href":"https:\/\/chanandental.ch\/en\/wp-json\/wp\/v2\/users\/2"}],"replies":[{"embeddable":true,"href":"https:\/\/chanandental.ch\/en\/wp-json\/wp\/v2\/comments?post=2488"}],"version-history":[{"count":13,"href":"https:\/\/chanandental.ch\/en\/wp-json\/wp\/v2\/pages\/2488\/revisions"}],"predecessor-version":[{"id":4932,"href":"https:\/\/chanandental.ch\/en\/wp-json\/wp\/v2\/pages\/2488\/revisions\/4932"}],"wp:attachment":[{"href":"https:\/\/chanandental.ch\/en\/wp-json\/wp\/v2\/media?parent=2488"}],"curies":[{"name":"wp","href":"https:\/\/api.w.org\/{rel}","templated":true}]}}