{"id":2477,"date":"2017-06-24T11:55:59","date_gmt":"2017-06-24T11:55:59","guid":{"rendered":"http:\/\/keydesign-themes.com\/etalon\/construction\/?page_id=2460"},"modified":"2024-06-19T12:12:19","modified_gmt":"2024-06-19T10:12:19","slug":"soins","status":"publish","type":"page","link":"https:\/\/chanandental.ch\/en\/soins\/","title":{"rendered":"Our treatments and prices"},"content":{"rendered":"<div class=\"vc_row wpb_row vc_row-fluid\"><div class=\"wpb_column vc_column_container vc_col-sm-12\"><div class=\"vc_column-inner vc_custom_1498405407322\"><div class=\"wpb_wrapper\">\n\t<div class=\"wpb_text_column wpb_content_element\" >\n\t\t<div class=\"wpb_wrapper\">\n\t\t\t<h2>Our treatments<\/h2>\n\n\t\t<\/div>\n\t<\/div>\n<div class=\"vc_row wpb_row vc_inner vc_row-fluid vc_custom_1498405440419\"><div class=\"wpb_column vc_column_container vc_col-sm-4\"><div class=\"vc_column-inner\"><div class=\"wpb_wrapper\"><div class=\"key-icon-box icon-default icon-left cont-left\" style=\"background-color: none;\" ><div class=\"tt-iconbox-customimg img_medium_size\"><img decoding=\"async\" src=\"https:\/\/chanandental.ch\/wp-content\/uploads\/2019\/01\/Treatments.svg\" class=\"attachment-full\" alt=\"\" title=\"Treatments\" \/><\/div><h4 class=\"service-heading\" >Conservative treatments and prosthetic rehabilitation<\/h4><p >Cure of tooth decay is done with the latest generation products that have the same white shade as your teeth. We also do fixed rehabilitations to rebuild your teeth and replace those missing with ceramics. Movable prothetics rehabilitation is also possible where appropriate.<\/p><\/div><\/div><\/div><\/div><div class=\"wpb_column vc_column_container vc_col-sm-4\"><div class=\"vc_column-inner\"><div class=\"wpb_wrapper\"><div class=\"key-icon-box icon-default icon-left cont-left\" style=\"background-color: none;\" ><div class=\"tt-iconbox-customimg img_medium_size\"><img decoding=\"async\" src=\"https:\/\/chanandental.ch\/wp-content\/uploads\/2019\/01\/endodontics.svg\" class=\"attachment-full\" alt=\"\" title=\"endodontics\" \/><\/div><h4 class=\"service-heading\" >Traitement de racine - Traitement endodontique<\/h4><p >Diagnosis and treatment of tooth pulp diseases and infections in the apical area.<\/p><p class=\"ib-link\"><a href=\"https:\/\/chanandental.ch\/en\/traitement-de-racine-traitement-endodontique\/\" target=\"_self\" title=\"Traitement de racine \u2013 Traitement endodontique\" style=\"color: #1fb8b8;\">Learn more<\/a><\/p><\/div><\/div><\/div><\/div><div class=\"wpb_column vc_column_container vc_col-sm-4\"><div class=\"vc_column-inner\"><div class=\"wpb_wrapper\"><div class=\"key-icon-box icon-default icon-left cont-left\" style=\"background-color: none;\" ><div class=\"tt-iconbox-customimg img_medium_size\"><img decoding=\"async\" src=\"https:\/\/chanandental.ch\/wp-content\/uploads\/2019\/01\/Implant-1.svg\" class=\"attachment-full\" alt=\"\" title=\"Implant\" \/><\/div><h4 class=\"service-heading\" >Implantology<\/h4><p >We insert stable, solid durable implants on which we can place a fixed or movable prosthesis to give you a fully functional, comfortable and aesthetically pleasing solution for your smile.<br \/>\nWe use implants from Swiss brand Straumann.<\/p><p class=\"ib-link\"><a href=\"https:\/\/chanandental.ch\/en\/implantologie\/\" target=\"_self\" title=\"Implantology\" style=\"color: #1fb8b8;\">Learn more<\/a><\/p><\/div><\/div><\/div><\/div><\/div><div class=\"vc_row wpb_row vc_inner vc_row-fluid vc_custom_1498405440419\"><div class=\"wpb_column vc_column_container vc_col-sm-4\"><div class=\"vc_column-inner\"><div class=\"wpb_wrapper\"><div class=\"key-icon-box icon-default icon-left cont-left\" style=\"background-color: none;\" ><div class=\"tt-iconbox-customimg img_medium_size\"><img decoding=\"async\" src=\"https:\/\/chanandental.ch\/wp-content\/uploads\/2019\/01\/Cosmetics.svg\" class=\"attachment-full\" alt=\"\" title=\"Cosmetics\" \/><\/div><h4 class=\"service-heading\" >Cosmetic<\/h4><p >We can rework your smile thanks to various techniques to beautify your teeht, gums and dental occlusion.<\/p><\/div><\/div><\/div><\/div><div class=\"wpb_column vc_column_container vc_col-sm-4\"><div class=\"vc_column-inner\"><div class=\"wpb_wrapper\"><div class=\"key-icon-box icon-default icon-left cont-left\" style=\"background-color: none;\" ><div class=\"tt-iconbox-customimg img_medium_size\"><img decoding=\"async\" src=\"https:\/\/chanandental.ch\/wp-content\/uploads\/2019\/01\/whitening-1.svg\" class=\"attachment-full\" alt=\"\" title=\"whitening\" \/><\/div><h4 class=\"service-heading\" >Teeth whitening<\/h4><p >Give a natural spark to your teeth thanks to a harmless whitening agent.<\/p><p class=\"ib-link\"><a href=\"https:\/\/chanandental.ch\/en\/le-blanchiment\/\" target=\"_self\" title=\"Le blanchiment\" style=\"color: #1fb8b8;\">Learn more<\/a><\/p><\/div><\/div><\/div><\/div><div class=\"wpb_column vc_column_container vc_col-sm-4\"><div class=\"vc_column-inner\"><div class=\"wpb_wrapper\"><div class=\"key-icon-box icon-default icon-left cont-left\" style=\"background-color: none;\" ><div class=\"tt-iconbox-customimg img_medium_size\"><img decoding=\"async\" src=\"https:\/\/chanandental.ch\/wp-content\/uploads\/2019\/01\/Laser.svg\" class=\"attachment-full\" alt=\"\" title=\"Laser\" \/><\/div><h4 class=\"service-heading\" >Soft laser<\/h4><p >We treat herpes, mouth ulcers, emetic reflex and teeht sensibilites thanks to a cutting edge diode laser.<\/p><\/div><\/div><\/div><\/div><\/div><div class=\"vc_row wpb_row vc_inner vc_row-fluid vc_custom_1498405440419\"><div class=\"wpb_column vc_column_container vc_col-sm-4\"><div class=\"vc_column-inner\"><div class=\"wpb_wrapper\"><div class=\"key-icon-box icon-default icon-left cont-left\" style=\"background-color: none;\" ><div class=\"tt-iconbox-customimg img_medium_size\"><img decoding=\"async\" src=\"https:\/\/chanandental.ch\/wp-content\/uploads\/2019\/06\/Gums.svg\" class=\"attachment-full\" alt=\"\" title=\"Gums\" \/><\/div><h4 class=\"service-heading\" >Gum care<\/h4><p >In addition to gum cares from your Dental Hygienist, our doctors can perform a simple gum surgery to make sure your gums are in perfect health to support your teeth.<\/p><\/div><\/div><\/div><\/div><div class=\"wpb_column vc_column_container vc_col-sm-4\"><div class=\"vc_column-inner\"><div class=\"wpb_wrapper\"><div class=\"key-icon-box icon-default icon-left cont-left\" style=\"background-color: none;\" ><div class=\"tt-iconbox-customimg img_medium_size\"><img decoding=\"async\" src=\"https:\/\/chanandental.ch\/wp-content\/uploads\/2019\/01\/whitening-1.svg\" class=\"attachment-full\" alt=\"\" title=\"whitening\" \/><\/div><h4 class=\"service-heading\" >Fixed restorations<\/h4><p >We place crowns, onlays, and veneers to restore or improve the appearance of your teeth.<\/p><p class=\"ib-link\"><a href=\"https:\/\/chanandental.ch\/en\/restaurations-fixes\/\" target=\"_self\" title=\"Fixed restorations\" style=\"color: #1fb8b8;\">Learn more<\/a><\/p><\/div><\/div><\/div><\/div><div class=\"wpb_column vc_column_container vc_col-sm-4\"><div class=\"vc_column-inner\"><div class=\"wpb_wrapper\"><div class=\"key-icon-box icon-default icon-left cont-left\" style=\"background-color: none;\" ><div class=\"tt-iconbox-customimg img_medium_size\"><img decoding=\"async\" src=\"https:\/\/chanandental.ch\/wp-content\/uploads\/2019\/01\/Treatments.svg\" class=\"attachment-full\" alt=\"\" title=\"Treatments\" \/><\/div><h4 class=\"service-heading\" >Urgences dentaires<\/h4><p >Nous sommes \u00e0 votre disposition pour toute urgence dentaire n\u00e9cessitant une intervention rapide.<\/p><p class=\"ib-link\"><a href=\"https:\/\/chanandental.ch\/en\/restaurations-fixes\/\" target=\"_self\" title=\"Fixed restorations\" style=\"color: #1fb8b8;\">Learn more<\/a><\/p><\/div><\/div><\/div><\/div><\/div><\/div><\/div><\/div><\/div><div class=\"vc_row wpb_row vc_row-fluid\"><div class=\"wpb_column vc_column_container vc_col-sm-12\"><div class=\"vc_column-inner\"><div class=\"wpb_wrapper\"><div class=\"vc_separator wpb_content_element vc_separator_align_center vc_sep_width_100 vc_sep_pos_align_center vc_separator_no_text vc_sep_color_grey\" ><span class=\"vc_sep_holder vc_sep_holder_l\"><span  class=\"vc_sep_line\"><\/span><\/span><span class=\"vc_sep_holder vc_sep_holder_r\"><span  class=\"vc_sep_line\"><\/span><\/span>\n<\/div>\n\t<div class=\"wpb_text_column wpb_content_element\" >\n\t\t<div class=\"wpb_wrapper\">\n\t\t\t<h2>Our prices<\/h2>\n\n\t\t<\/div>\n\t<\/div>\n<div class=\"vc_message_box vc_message_box-standard vc_message_box-rounded vc_color-warning vc_custom_1647878629727\" ><div class=\"vc_message_box-icon\"><i class=\"fas fa-info-circle\"><\/i><\/div><p><strong>It is important to us that dental care should not be a financial burden and that they should be accessible to all. This is why we will gladly give you a quotation and find payments arrangements based on that to suit your needs.<\/strong><\/p>\n<\/div><div class=\"kd-price-block\" ><div class=\"pb-content-wrap\"><h4>Dentist point value<\/h4><div class=\"pb-pricing-wrap\"><span class=\"pb-price\">1.17<span class=\"pb-currency\">\u200e<\/span><\/span><\/div><div class=\"pb-desc-wrap\"><\/div><\/div>\r\n            <\/div><div class=\"kd-price-block\" ><div class=\"pb-content-wrap\"><h4>Hygienist point value<\/h4><div class=\"pb-pricing-wrap\"><span class=\"pb-price\">1.05<span class=\"pb-currency\">\u200e<\/span><\/span><\/div><div class=\"pb-desc-wrap\"><\/div><\/div>\r\n            <\/div><div class=\"vc_separator wpb_content_element vc_separator_align_center vc_sep_width_100 vc_sep_pos_align_center vc_separator_no_text vc_sep_color_grey\" ><span class=\"vc_sep_holder vc_sep_holder_l\"><span  class=\"vc_sep_line\"><\/span><\/span><span class=\"vc_sep_holder vc_sep_holder_r\"><span  class=\"vc_sep_line\"><\/span><\/span>\n<\/div>\n\t<div class=\"wpb_text_column wpb_content_element\" >\n\t\t<div class=\"wpb_wrapper\">\n\t\t\t<h3>Some examples<\/h3>\n\n\t\t<\/div>\n\t<\/div>\n<div class=\"kd-price-block\" ><div class=\"pb-content-wrap\"><h4>Dental Hygienist<\/h4><div class=\"pb-pricing-wrap\"><span class=\"pb-price\"><span class=\"pb-currency\">\u200e<\/span>15,70CHF \/5min<\/span><\/div><div class=\"pb-desc-wrap\"><p>Maximum 230CHF with control by a dentist and x-ray (based on a 60min teeth scaling)<\/p>\n<\/div><\/div>\r\n            <\/div><div class=\"kd-price-block\" ><div class=\"pb-content-wrap\"><h4>Implant and crown<\/h4><div class=\"pb-pricing-wrap\"><span class=\"pb-price\">approx. 3700<span class=\"pb-currency\">CHF<\/span><\/span><\/div><div class=\"pb-desc-wrap\"><p>depending if the crown is sealed or screwed<\/p>\n<\/div><\/div>\r\n            <\/div><div class=\"kd-price-block\" ><div class=\"pb-content-wrap\"><h4>Dental splint and whitening product<\/h4><div class=\"pb-pricing-wrap\"><span class=\"pb-price\">approx. 600<span class=\"pb-currency\">CHF<\/span><\/span><\/div><div class=\"pb-desc-wrap\"><\/div><\/div>\r\n            <\/div><div class=\"kd-price-block\" ><div class=\"pb-content-wrap\"><h4>Ceramic Onlay<\/h4><div class=\"pb-pricing-wrap\"><span class=\"pb-price\">approx. 1500<span class=\"pb-currency\">CHF<\/span><\/span><\/div><div class=\"pb-desc-wrap\"><\/div><\/div>\r\n            <\/div><div class=\"kd-price-block\" ><div class=\"pb-content-wrap\"><h4>Ceramic or zircon crown<\/h4><div class=\"pb-pricing-wrap\"><span class=\"pb-price\">approx. 1800<span class=\"pb-currency\">CHF<\/span><\/span><\/div><div class=\"pb-desc-wrap\"><\/div><\/div>\r\n            <\/div><div class=\"vc_separator wpb_content_element vc_separator_align_center vc_sep_width_100 vc_sep_pos_align_center vc_separator_no_text vc_sep_color_grey\" ><span class=\"vc_sep_holder vc_sep_holder_l\"><span  class=\"vc_sep_line\"><\/span><\/span><span class=\"vc_sep_holder vc_sep_holder_r\"><span  class=\"vc_sep_line\"><\/span><\/span>\n<\/div>\n\t<div class=\"wpb_text_column wpb_content_element\" >\n\t\t<div class=\"wpb_wrapper\">\n\t\t\t<p><em>These prices might vary on a case by case basis. A personal quote will be established before begining the treatement.<\/em><\/p>\n<p><em>We follow SSO \u2013 DENTOTAR pricings.<\/em><\/p>\n\n\t\t<\/div>\n\t<\/div>\n<\/div><\/div><\/div><\/div><div class=\"vc_row wpb_row vc_row-fluid\"><div class=\"wpb_column vc_column_container vc_col-sm-12\"><div class=\"vc_column-inner\"><div class=\"wpb_wrapper\"><div class=\"kd-calltoaction no_icon\" style=\"background-color: #f7f7f7;\">\n                <div class=\"container\"><div class=\"cta-text\">\n                        <h3 >Make an appointment<\/h3>\n                        <p >We are at your service for all your dental needs.<\/p>\n                    <\/div>\n                    <div class=\"cta-btncontainer\">\n                        <a href=\"https:\/\/chanandental.ch\/en\/contact-us\/\"  title=\"\" class=\"tt_button kd-animated zoomIn\" data-animation-delay=\"200\">Contact Us<\/a>\n                    <\/div>\n                <\/div>\n            <\/div><\/div><\/div><\/div><\/div>","protected":false},"excerpt":{"rendered":"Nos soins Traitements conservateurs et r\u00e9habilitation proth\u00e9tiqueLes soins de vos caries seront effectu\u00e9es avec des produits de derni\u00e8re g\u00e9n\u00e9ration ayant une teinte identique [...]","protected":false},"author":2,"featured_media":0,"parent":0,"menu_order":0,"comment_status":"closed","ping_status":"closed","template":"","meta":{"footnotes":""},"class_list":["post-2477","page","type-page","status-publish","hentry"],"_links":{"self":[{"href":"https:\/\/chanandental.ch\/en\/wp-json\/wp\/v2\/pages\/2477","targetHints":{"allow":["GET"]}}],"collection":[{"href":"https:\/\/chanandental.ch\/en\/wp-json\/wp\/v2\/pages"}],"about":[{"href":"https:\/\/chanandental.ch\/en\/wp-json\/wp\/v2\/types\/page"}],"author":[{"embeddable":true,"href":"https:\/\/chanandental.ch\/en\/wp-json\/wp\/v2\/users\/2"}],"replies":[{"embeddable":true,"href":"https:\/\/chanandental.ch\/en\/wp-json\/wp\/v2\/comments?post=2477"}],"version-history":[{"count":48,"href":"https:\/\/chanandental.ch\/en\/wp-json\/wp\/v2\/pages\/2477\/revisions"}],"predecessor-version":[{"id":4733,"href":"https:\/\/chanandental.ch\/en\/wp-json\/wp\/v2\/pages\/2477\/revisions\/4733"}],"wp:attachment":[{"href":"https:\/\/chanandental.ch\/en\/wp-json\/wp\/v2\/media?parent=2477"}],"curies":[{"name":"wp","href":"https:\/\/api.w.org\/{rel}","templated":true}]}}