{"id":2416,"date":"2017-06-24T10:05:06","date_gmt":"2017-06-24T10:05:06","guid":{"rendered":"http:\/\/keydesign-themes.com\/etalon\/construction\/?page_id=2416"},"modified":"2019-04-07T20:11:18","modified_gmt":"2019-04-07T18:11:18","slug":"cabinet","status":"publish","type":"page","link":"https:\/\/chanandental.ch\/en\/cabinet\/","title":{"rendered":"Our practice"},"content":{"rendered":"<div class=\"vc_row wpb_row vc_row-fluid container\"><div class=\"wpb_column vc_column_container vc_col-sm-6 vc_col-lg-6 vc_col-md-12 vc_col-xs-12\"><div class=\"vc_column-inner vc_custom_1499435382226\"><div class=\"wpb_wrapper\"><div class=\"vc_row wpb_row vc_inner vc_row-fluid vc_custom_1498408421129\"><div class=\"wpb_column vc_column_container vc_col-sm-12\"><div class=\"vc_column-inner vc_custom_1498329876936\"><div class=\"wpb_wrapper\"><h3 style=\"text-align: left\" class=\"vc_custom_heading\" >Un environnement confortable pour vos soins dentaires.<\/h3>\n\t<div class=\"wpb_text_column wpb_content_element \" >\n\t\t<div class=\"wpb_wrapper\">\n\t\t\t<p>Nous vous accueillons dans un cadre moderne, lumineux, apaisant et r\u00e9pondant aux derni\u00e8res normes en mati\u00e8re d&#8217;hygi\u00e8ne.<\/p>\n\n\t\t<\/div>\n\t<\/div>\n<\/div><\/div><\/div><\/div><\/div><\/div><\/div><div class=\"wpb_column vc_column_container vc_col-sm-6 vc_col-lg-6 vc_col-md-12 vc_col-xs-12\"><div class=\"vc_column-inner\"><div class=\"wpb_wrapper\"><div class=\"wpb_gallery wpb_content_element vc_clearfix\" ><div class=\"wpb_wrapper\"><div class=\"wpb_gallery_slides wpb_flexslider flexslider_fade flexslider\" data-interval=\"3\" data-flex_fx=\"fade\"><ul class=\"slides\"><li><a class=\"\" href=\"https:\/\/chanandental.ch\/wp-content\/uploads\/2019\/01\/DSC02976-1024x684.jpg\" data-lightbox=\"lightbox[rel-2416-2214757344]\"><img loading=\"lazy\" decoding=\"async\" width=\"1024\" height=\"684\" src=\"https:\/\/chanandental.ch\/wp-content\/uploads\/2019\/01\/DSC02976-1024x684.jpg\" class=\"attachment-large\" alt=\"\" title=\"DSC02976\" srcset=\"https:\/\/chanandental.ch\/wp-content\/uploads\/2019\/01\/DSC02976-1024x684.jpg 1024w, https:\/\/chanandental.ch\/wp-content\/uploads\/2019\/01\/DSC02976-600x401.jpg 600w, https:\/\/chanandental.ch\/wp-content\/uploads\/2019\/01\/DSC02976-300x200.jpg 300w, https:\/\/chanandental.ch\/wp-content\/uploads\/2019\/01\/DSC02976-768x513.jpg 768w\" sizes=\"auto, (max-width: 1024px) 100vw, 1024px\" \/><\/a><\/li><li><a class=\"\" href=\"https:\/\/chanandental.ch\/wp-content\/uploads\/2019\/01\/DSC02991-1024x684.jpg\" data-lightbox=\"lightbox[rel-2416-2214757344]\"><img loading=\"lazy\" decoding=\"async\" width=\"1024\" height=\"684\" src=\"https:\/\/chanandental.ch\/wp-content\/uploads\/2019\/01\/DSC02991-1024x684.jpg\" class=\"attachment-large\" alt=\"\" title=\"DSC02991\" srcset=\"https:\/\/chanandental.ch\/wp-content\/uploads\/2019\/01\/DSC02991-1024x684.jpg 1024w, https:\/\/chanandental.ch\/wp-content\/uploads\/2019\/01\/DSC02991-600x401.jpg 600w, https:\/\/chanandental.ch\/wp-content\/uploads\/2019\/01\/DSC02991-300x200.jpg 300w, https:\/\/chanandental.ch\/wp-content\/uploads\/2019\/01\/DSC02991-768x513.jpg 768w\" sizes=\"auto, (max-width: 1024px) 100vw, 1024px\" \/><\/a><\/li><li><a class=\"\" href=\"https:\/\/chanandental.ch\/wp-content\/uploads\/2018\/12\/DSC02955-1024x684.jpg\" data-lightbox=\"lightbox[rel-2416-2214757344]\"><img loading=\"lazy\" decoding=\"async\" width=\"1024\" height=\"684\" src=\"https:\/\/chanandental.ch\/wp-content\/uploads\/2018\/12\/DSC02955-1024x684.jpg\" class=\"attachment-large\" alt=\"\" title=\"DSC02955\" srcset=\"https:\/\/chanandental.ch\/wp-content\/uploads\/2018\/12\/DSC02955-1024x684.jpg 1024w, https:\/\/chanandental.ch\/wp-content\/uploads\/2018\/12\/DSC02955-600x401.jpg 600w, https:\/\/chanandental.ch\/wp-content\/uploads\/2018\/12\/DSC02955-300x200.jpg 300w, https:\/\/chanandental.ch\/wp-content\/uploads\/2018\/12\/DSC02955-768x513.jpg 768w, https:\/\/chanandental.ch\/wp-content\/uploads\/2018\/12\/DSC02955-1080x721.jpg 1080w\" sizes=\"auto, (max-width: 1024px) 100vw, 1024px\" \/><\/a><\/li><li><a class=\"\" href=\"https:\/\/chanandental.ch\/wp-content\/uploads\/2018\/12\/DSC02947-1024x684.jpg\" data-lightbox=\"lightbox[rel-2416-2214757344]\"><img loading=\"lazy\" decoding=\"async\" width=\"1024\" height=\"684\" src=\"https:\/\/chanandental.ch\/wp-content\/uploads\/2018\/12\/DSC02947-1024x684.jpg\" class=\"attachment-large\" alt=\"\" title=\"DSC02947\" srcset=\"https:\/\/chanandental.ch\/wp-content\/uploads\/2018\/12\/DSC02947-1024x684.jpg 1024w, https:\/\/chanandental.ch\/wp-content\/uploads\/2018\/12\/DSC02947-600x401.jpg 600w, https:\/\/chanandental.ch\/wp-content\/uploads\/2018\/12\/DSC02947-300x200.jpg 300w, https:\/\/chanandental.ch\/wp-content\/uploads\/2018\/12\/DSC02947-768x513.jpg 768w, https:\/\/chanandental.ch\/wp-content\/uploads\/2018\/12\/DSC02947-1080x721.jpg 1080w\" sizes=\"auto, (max-width: 1024px) 100vw, 1024px\" \/><\/a><\/li><\/ul><\/div><\/div><\/div><\/div><\/div><\/div><\/div>\n","protected":false},"excerpt":{"rendered":"Un environnement confortable pour vos soins dentaires. Nous vous accueillons dans un cadre moderne, lumineux, apaisant et r\u00e9pondant aux derni\u00e8res normes en mati\u00e8re [...]","protected":false},"author":2,"featured_media":0,"parent":0,"menu_order":0,"comment_status":"closed","ping_status":"closed","template":"","meta":{"footnotes":""},"class_list":["post-2416","page","type-page","status-publish","hentry"],"_links":{"self":[{"href":"https:\/\/chanandental.ch\/en\/wp-json\/wp\/v2\/pages\/2416","targetHints":{"allow":["GET"]}}],"collection":[{"href":"https:\/\/chanandental.ch\/en\/wp-json\/wp\/v2\/pages"}],"about":[{"href":"https:\/\/chanandental.ch\/en\/wp-json\/wp\/v2\/types\/page"}],"author":[{"embeddable":true,"href":"https:\/\/chanandental.ch\/en\/wp-json\/wp\/v2\/users\/2"}],"replies":[{"embeddable":true,"href":"https:\/\/chanandental.ch\/en\/wp-json\/wp\/v2\/comments?post=2416"}],"version-history":[{"count":7,"href":"https:\/\/chanandental.ch\/en\/wp-json\/wp\/v2\/pages\/2416\/revisions"}],"predecessor-version":[{"id":3046,"href":"https:\/\/chanandental.ch\/en\/wp-json\/wp\/v2\/pages\/2416\/revisions\/3046"}],"wp:attachment":[{"href":"https:\/\/chanandental.ch\/en\/wp-json\/wp\/v2\/media?parent=2416"}],"curies":[{"name":"wp","href":"https:\/\/api.w.org\/{rel}","templated":true}]}}